{"id":73,"date":"2024-12-08T12:14:30","date_gmt":"2024-12-08T11:14:30","guid":{"rendered":"https:\/\/www.wolff-energy-group.de\/?page_id=73"},"modified":"2024-12-13T16:27:40","modified_gmt":"2024-12-13T15:27:40","slug":"agb","status":"publish","type":"page","link":"https:\/\/www.wolff-energy-group.de\/?page_id=73","title":{"rendered":"Allgemeine Gesch\u00e4ftsbedingungen"},"content":{"rendered":"\n<div class=\"wp-block-cover alignfull has-custom-content-position is-position-bottom-center\" style=\"min-height:279px;aspect-ratio:unset;\"><span aria-hidden=\"true\" class=\"wp-block-cover__background has-palette-color-1-background-color has-background-dim-100 has-background-dim\"><\/span><div class=\"wp-block-cover__inner-container is-layout-constrained wp-block-cover-is-layout-constrained\"><style>.kb-row-layout-id73_dc280f-12 > .kt-row-column-wrap{align-content:start;}:where(.kb-row-layout-id73_dc280f-12 > .kt-row-column-wrap) > .wp-block-kadence-column{justify-content:start;}.kb-row-layout-id73_dc280f-12 > .kt-row-column-wrap{column-gap:var(--global-kb-gap-md, 2rem);row-gap:var(--global-kb-gap-md, 2rem);padding-top:var(--global-kb-spacing-sm, 1.5rem);padding-bottom:var(--global-kb-spacing-sm, 1.5rem);grid-template-columns:minmax(0, 1fr);}.kb-row-layout-id73_dc280f-12 > .kt-row-layout-overlay{opacity:0.30;}@media all and (max-width: 1024px){.kb-row-layout-id73_dc280f-12 > .kt-row-column-wrap{grid-template-columns:minmax(0, 1fr);}}@media all and (max-width: 767px){.kb-row-layout-id73_dc280f-12 > .kt-row-column-wrap{grid-template-columns:minmax(0, 1fr);}}<\/style><div class=\"kb-row-layout-wrap kb-row-layout-id73_dc280f-12 alignnone wp-block-kadence-rowlayout\"><div class=\"kt-row-column-wrap kt-has-1-columns kt-row-layout-equal kt-tab-layout-inherit kt-mobile-layout-row kt-row-valign-top\">\n<style>.kadence-column73_619451-b0 > .kt-inside-inner-col,.kadence-column73_619451-b0 > .kt-inside-inner-col:before{border-top-left-radius:0px;border-top-right-radius:0px;border-bottom-right-radius:0px;border-bottom-left-radius:0px;}.kadence-column73_619451-b0 > .kt-inside-inner-col{column-gap:var(--global-kb-gap-sm, 1rem);}.kadence-column73_619451-b0 > .kt-inside-inner-col{flex-direction:column;}.kadence-column73_619451-b0 > .kt-inside-inner-col > .aligncenter{width:100%;}.kadence-column73_619451-b0 > .kt-inside-inner-col:before{opacity:0.3;}.kadence-column73_619451-b0{position:relative;}@media all and (max-width: 1024px){.kadence-column73_619451-b0 > .kt-inside-inner-col{flex-direction:column;justify-content:center;}}@media all and (max-width: 767px){.kadence-column73_619451-b0 > .kt-inside-inner-col{flex-direction:column;justify-content:center;}}<\/style>\n<div class=\"wp-block-kadence-column kadence-column73_619451-b0\"><div class=\"kt-inside-inner-col\">\n<h1 class=\"wp-block-heading has-palette-color-8-color has-text-color has-link-color wp-elements-544593b3394f9a6450f6fa4ec6c57fa3\">Allgemeine Gesch\u00e4ftsbedingungen<\/h1>\n\n\n\n<h6 class=\"wp-block-heading has-palette-color-8-color has-text-color has-link-color wp-elements-75280539fdf9775d5f8037ec3beb3660\" style=\"font-style:normal;font-weight:400\">Die Basis f\u00fcr eine faire Zusammenarbeit<\/h6>\n<\/div><\/div>\n\n<\/div><\/div><\/div><\/div>\n\n\n\n<ol style=\"line-height:1.5\" class=\"wp-block-list\">\n<li>Mit Bestellung der entsprechenden Photovoltaikanlage und Speicher kommt ausschlie\u00dflich ein Vertrag mit der Wolff Montage-und Service GmbH &amp; Co.KG, Gernr\u00f6der Weg 4a, 06484 Quedlinburg zustande.<br><br><\/li>\n\n\n\n<li>Leistungen, Lieferungen und Angebote der Wolff Montage-und Service GmbH &amp; Co.KG erfolgen ausschlie\u00dflich aufgrund dieser Gesch\u00e4ftsbedingungen. Entgegenstehende Bestimmungen des Bestellers erkennt die Wolff Montage-und Service GmbH &amp; Co.KG nicht an, es sei denn, die Geltung ist schriftlich vereinbart.<br><br><\/li>\n\n\n\n<li>In Prospekten, Anzeigen usw. erhaltene Angebote und Beispielertragswertberechnung sind freibleibend und unverbindlich, dies gilt auch f\u00fcr Preisangaben. Die Beispielertragswertberechnung beruhen auf Prognosewerte, technische Auslegungsprogramme und k\u00f6nnen auf Grundlage \u00e4u\u00dferer verschiedener Einfl\u00fcsse (bis zu 15%) abweichen. <br><br><\/li>\n\n\n\n<li>Es gelten die Zahlungsbedingungen der Wolff Montage-und Service GmbH &amp; Co.KG. Es sind zur Zahlung f\u00e4llig: 50% des Rechnungsbetrages bei Auftragsunterzeichung innerhalb von 7 Tagen, 45% des Rechnungebetrages bei Ank\u00fcndigung der Warenlieferung durch den Spediteur innerhalb von 7 Tagen, jedoch zwingend vor Anlieferung der Ware und 5% des Rechungsbetrages nach erfolgter Montage und Abnahme! Abweichende Zahlungsbedingungen bed\u00fcrfen ausdr\u00fccklich der schriftlichen Zustimmung der Wolff Montage-und Service GmbH &amp; Co.KG. Ma\u00dfgeblich f\u00fcr die fristgerechte Zahlung ist der Zahlungseingang auf dem Konto der Wolff Montage-und Service GmbH &amp; Co.KG. Bei nicht fristgerechter Zahlung mahnt Wolff Montage-und Service GmbH &amp; Co.KG den K\u00e4ufer an, die Mahngeb\u00fchr betr\u00e4gt 7,50 \u20ac. Bei Zahlungsverzug entstehen Verzugszinsen, entsprechend den gesetzlichen Bestimmungen. F\u00fcr etwaige Folgemehrkosten wegen Zahlungsverzug, wie zum Beispiel Lieferverschiebungen und etwaige Mehrkosten aus erforderlichen Neudispositionierungen haftet der K\u00e4ufer gegen\u00fcber dem Verk\u00e4ufer.<br><br><\/li>\n\n\n\n<li>Vereinbarte Preise gelten f\u00fcr 10 Tage ab Bestelldatum als verbindlich. Danach ist die zur Zeit der Lieferung g\u00fcltige Preisliste verbindlich. Der Kunde erh\u00e4lt jedoch ein K\u00fcndigungsrecht, ohne Folgen des Schadensersatzes, sofern sich die Preise oberhalb des in der fraglichen Zeit ma\u00dfgeblichen Lebenshaltungskostenindexes erh\u00f6ht haben. Die Preise sind Nettopreise, die Umsatzsteuer wird gesondert ausgewiesen. Es gilt die am Tag der Lieferung g\u00fcltige Umsatzsteuer.<br><br><\/li>\n\n\n\n<li>Kauf- und Montagevertr\u00e4ge bed\u00fcrfen der schriftlichen Zustimmung durch die Wolff Montage-und Service GmbH &amp; Co.KG.<br><br><\/li>\n\n\n\n<li>Nachtr\u00e4gliche \u00c4nderungsw\u00fcnsche des Kunden werden nur Vertragsbestandteil, wenn dies schriftlich von der Wolff Montage-und Service GmbH &amp; Co.KG best\u00e4tigt wird.<br><br><\/li>\n\n\n\n<li>F\u00fcr die Richtigkeit der vom Kunden erteilten Angaben insbesondere hinsichtlich der erforderlichen Baustatik, vorgelegten Baupl\u00e4ne, Grundrissen und Zeichnungen hat der Kunde einzustehen. Ergeben sich aus einer eventuellen Unrichtigkeit zus\u00e4tzliche Kosten oder Gefahren, so hat der Kunde diese zu tragen, es sei denn, die Wolff Montage-und Service GmbH &amp; Co.KG hat die Unrichtigkeit gekannt oder grob fahrl\u00e4ssig nicht erkannt. Die Statik ist grunds\u00e4tzlich bauseits zu pr\u00fcfen.<br><br><\/li>\n\n\n\n<li>Gelieferte Materialien bleiben bis zur vollst\u00e4ndigen Bezahlung im Eigentum der Wolff Montage-und Service GmbH &amp; Co.KG, sofern nicht gesetzliche Vorschriften einen Eigentums\u00fcbergang regeln. Bei Verarbeitung, Verbindung, Vermischung oder Vermengung mit anderen, nicht der Wolff Montage-und Service GmbH &amp; Co.KG geh\u00f6renden Sachen, steht dieser das Miteigentum an der neuen Sache im Verh\u00e4ltnis des Rechnungsbetrages zu allen anderen bei der Herstellung eingesetzten Sachen zu. Der Kunde verwahrt in diesem Fall das Eigentum der Wolff Montage-und Service GmbH &amp; Co.KG unentgeltlich. Bei Zugriffen Dritter auf das Eigentum der Wolff Montage-und Service GmbH &amp; Co.KG verpflichtet sich der Kunde, auf das Eigentum der Wolff Montage-und Service GmbH &amp; Co.KG hinzuweisen und diese unverz\u00fcglich zu benachrichtigen.<br><br><\/li>\n\n\n\n<li>Der Blitzschutz ist weder bei der Montage noch bei der Lieferung der Ware Bestandteil des Auftrages. Die Wolff Montage-und Service GmbH &amp; Co.KG verbaut grunds\u00e4tzlich einen Potentialausgleich bei der Errichtung der PV Anlage.<br><br><\/li>\n\n\n\n<li>Im Falle der Selbstmontage der Anlage durch den Kunden erfolgt eine Lieferung des Zubeh\u00f6rs in ausreichender Menge. \u00dcberz\u00e4hliges Material ist zur\u00fcckzugeben, an diesem erlangt der Kunde auch im Falle der vollst\u00e4ndigen Zahlung kein Eigentum. Kostenlose Nachlieferungen erfolgen nur bei Einhaltung des Verlegeplans.<br><br><\/li>\n\n\n\n<li>Verz\u00f6gerungen bei der Belieferung Auf Grund nicht gegebener Verf\u00fcgbarkeit bedingte \u00c4nderungen des Liefertermins und Lieferumfangs durch den Vorlieferanten oder \u00c4nderungen der Produkte bleiben vorbehalten.<br><br><\/li>\n\n\n\n<li>Notwendige Tiefbauarbeiten l\u00e4nger als 2m auf dem Kundengrundst\u00fcck sind bauseits auszuf\u00fchren oder gesondert vertraglich zu vereinbaren.<br><br><\/li>\n\n\n\n<li>Es gelten f\u00fcr die gem\u00e4\u00df Kaufvertrag verbauten Produkte hinsichtlich Ausstattung, Funktion, Wirkungsgrad und Lebensdauer die jeweilige Gew\u00e4hrleistungsgarantie der Produkthersteller gem\u00e4\u00df Herstellerangaben. Dar\u00fcber hinaus gelten die gesetzlichen Gew\u00e4hrleistungsrechte gem\u00e4\u00df Kaufrecht BGB. Die Gew\u00e4hrleistungszeit betr\u00e4gt 2 Jahre. Das Gleiche gilt f\u00fcr Gew\u00e4hrleistungsanspr\u00fcche wegen M\u00e4ngel aus der Montage. Der Kunde ist bei Eigenmontage im Falle der mangelhaften Lieferung nicht berechtigt, die als mangelhaft ger\u00fcgten Lieferteile zu verarbeiten oder zu montieren, sofern sie vor Verarbeitung als fehlerhaft erkannt werden k\u00f6nnen. Stellt der Kunde w\u00e4hrend der Montage fest, dass Teile besch\u00e4digt sind, so hat er die Montage unverz\u00fcglich einzustellen. In jedem Fall ist der Kunde verpflichtet, derWolff Montage-und Service GmbH &amp; Co.KG die fehlerhaften Teile zwecks Nachbesserung\/Ersatzlieferung zur Verf\u00fcgung zu stellen. Im Falle der Selbstmontage bzw. der Montage durch andere, als durch die Wolff Montage-und Service GmbH &amp; Co.KG vermittelter Dritter, haftet die Wolff Montage-und Service GmbH &amp; Co.KG nicht f\u00fcr solche M\u00e4ngel an Teilen oder an der Gebrauchstauglichkeit der Anlage, die in einer fehlerhaften Montage ihre Ursache haben.<br><br><\/li>\n\n\n\n<li>F\u00fcr den Fall, dass der Kunde unberechtigt vom Vertrag zur\u00fccktritt, ist die Wolff Montage-und Service GmbH &amp; Co.KG berechtigt, Schadensersatz wegen Nichterf\u00fcllung zu verlangen. In diesem Fall ist die Wolff Montage-und Service GmbH &amp; Co.KG berechtigt, unbeschadet der M\u00f6glichkeit einen h\u00f6heren Schadensersatz geltend zu machen, 25% der vertraglich vereinbarten Verg\u00fctung als Schadensersatz zu verlangen, wobei bei der Geltendmachung des 25%igen Schadensersatzes der Nachweis des Schadens nicht notwendig ist. Dem Kunde steht der Nachweis offen, dass ein geringer Schaden entstanden ist, in diesem Fall verringert sich auch der zu leistende Schadensersatz.<br><br><\/li>\n\n\n\n<li>Die Rechtsbeziehungen aus diesem Vertragsverh\u00e4ltnis unterliegen ausschlie\u00dflich deutschem Recht. Die Anwendung des einheitlichen Gesetzes \u00fcber den internationalen Kauf \u00fcber bewegliche Sachen sowie \u00fcber den Abschluss von internationalen Kaufvertr\u00e4gen \u00fcber bewegliche Sachen ist.<br><br><\/li>\n\n\n\n<li>Gerichtsstand f\u00fcr Streitigkeiten aus diesem Vertrag ist, soweit es sich beim Kunden um einen Kaufmann handelt, das Amtsgericht Quedlinburg bzw. das Landgericht Magdeburg. Ansonsten gilt der gesetzliche Gerichtsstand.<br><br><\/li>\n\n\n\n<li>Sollten einzelne Bestimmungen dieser Gesch\u00e4ftsbedingungen unwirksam sein, so werden hiervon die Wirksamkeit der \u00fcbrigen Bedingungen oder Vereinbarungen nicht ber\u00fchrt.<br><br><\/li>\n<\/ol>\n\n\n<style>.wp-block-kadence-advancedheading.kt-adv-heading73_aff88b-96, .wp-block-kadence-advancedheading.kt-adv-heading73_aff88b-96[data-kb-block=\"kb-adv-heading73_aff88b-96\"]{font-style:normal;}.wp-block-kadence-advancedheading.kt-adv-heading73_aff88b-96 mark.kt-highlight, .wp-block-kadence-advancedheading.kt-adv-heading73_aff88b-96[data-kb-block=\"kb-adv-heading73_aff88b-96\"] mark.kt-highlight{font-style:normal;color:#f76a0c;-webkit-box-decoration-break:clone;box-decoration-break:clone;padding-top:0px;padding-right:0px;padding-bottom:0px;padding-left:0px;}.wp-block-kadence-advancedheading.kt-adv-heading73_aff88b-96 img.kb-inline-image, .wp-block-kadence-advancedheading.kt-adv-heading73_aff88b-96[data-kb-block=\"kb-adv-heading73_aff88b-96\"] img.kb-inline-image{width:150px;vertical-align:baseline;}<\/style>\n<h4 class=\"kt-adv-heading73_aff88b-96 wp-block-kadence-advancedheading\" data-kb-block=\"kb-adv-heading73_aff88b-96\">Widerufsbelehrung<\/h4>\n\n\n<style>.wp-block-kadence-advancedheading.kt-adv-heading73_4d492d-3a, .wp-block-kadence-advancedheading.kt-adv-heading73_4d492d-3a[data-kb-block=\"kb-adv-heading73_4d492d-3a\"]{font-style:normal;}.wp-block-kadence-advancedheading.kt-adv-heading73_4d492d-3a mark.kt-highlight, .wp-block-kadence-advancedheading.kt-adv-heading73_4d492d-3a[data-kb-block=\"kb-adv-heading73_4d492d-3a\"] mark.kt-highlight{font-style:normal;color:#f76a0c;-webkit-box-decoration-break:clone;box-decoration-break:clone;padding-top:0px;padding-right:0px;padding-bottom:0px;padding-left:0px;}.wp-block-kadence-advancedheading.kt-adv-heading73_4d492d-3a img.kb-inline-image, .wp-block-kadence-advancedheading.kt-adv-heading73_4d492d-3a[data-kb-block=\"kb-adv-heading73_4d492d-3a\"] img.kb-inline-image{width:150px;vertical-align:baseline;}<\/style>\n<p class=\"kt-adv-heading73_4d492d-3a wp-block-kadence-advancedheading\" data-kb-block=\"kb-adv-heading73_4d492d-3a\">Privatkunden k\u00f6nnen die Vertragserkl\u00e4rung binnen zwei Wochen ohne Angabe con Gr\u00fcnden in Textform(per Einschreiben- R\u00fcckschein) widerrufen. Die First beginnt fr\u00fchestens mit Erhalt einer entsprechenden Belehrung. Zur Wahrung der Widerrufsfrist gen\u00fcgt die rechtzeitige Absendung des Widerrufes. Der Widerruf ist zu richten an Wolff Montage- und Service GmbH &amp; Co. KG, Gernr\u00f6der Weg 4a, 06484 Quedlinburg.<br><br>Mit Unterschrift unter der W. Belehrung best\u00e4tigt der Kunde, dass das Angebot nebst technischen Datenbl\u00e4ttern, ein Ausfertigung der Auftragsbest\u00e4tigung, die Allgemeinen Gesch\u00e4ftsbedingungen der Wolff Montage und Service GmbH und Co. KG erhalten hat, die Widerrufsbelehrung zur Kenntnis genommen und verstanden habe.<\/p>\n","protected":false},"excerpt":{"rendered":"<p>Widerufsbelehrung Privatkunden k\u00f6nnen die Vertragserkl\u00e4rung binnen zwei Wochen ohne Angabe con Gr\u00fcnden in Textform(per Einschreiben- R\u00fcckschein) widerrufen. Die First beginnt fr\u00fchestens mit Erhalt einer entsprechenden Belehrung. Zur Wahrung der Widerrufsfrist gen\u00fcgt die rechtzeitige Absendung des Widerrufes. Der Widerruf ist zu richten an Wolff Montage- und Service GmbH &amp; Co. KG, Gernr\u00f6der Weg 4a, 06484 Quedlinburg. [&hellip;]<\/p>\n","protected":false},"author":3,"featured_media":0,"parent":0,"menu_order":0,"comment_status":"closed","ping_status":"closed","template":"","meta":{"_acf_changed":false,"footnotes":""},"class_list":["post-73","page","type-page","status-publish","hentry"],"blocksy_meta":[],"acf":[],"_links":{"self":[{"href":"https:\/\/www.wolff-energy-group.de\/index.php?rest_route=\/wp\/v2\/pages\/73","targetHints":{"allow":["GET"]}}],"collection":[{"href":"https:\/\/www.wolff-energy-group.de\/index.php?rest_route=\/wp\/v2\/pages"}],"about":[{"href":"https:\/\/www.wolff-energy-group.de\/index.php?rest_route=\/wp\/v2\/types\/page"}],"author":[{"embeddable":true,"href":"https:\/\/www.wolff-energy-group.de\/index.php?rest_route=\/wp\/v2\/users\/3"}],"replies":[{"embeddable":true,"href":"https:\/\/www.wolff-energy-group.de\/index.php?rest_route=%2Fwp%2Fv2%2Fcomments&post=73"}],"version-history":[{"count":19,"href":"https:\/\/www.wolff-energy-group.de\/index.php?rest_route=\/wp\/v2\/pages\/73\/revisions"}],"predecessor-version":[{"id":774,"href":"https:\/\/www.wolff-energy-group.de\/index.php?rest_route=\/wp\/v2\/pages\/73\/revisions\/774"}],"wp:attachment":[{"href":"https:\/\/www.wolff-energy-group.de\/index.php?rest_route=%2Fwp%2Fv2%2Fmedia&parent=73"}],"curies":[{"name":"wp","href":"https:\/\/api.w.org\/{rel}","templated":true}]}}